{"id":4302,"date":"2024-01-05T09:56:38","date_gmt":"2024-01-05T09:56:38","guid":{"rendered":"https:\/\/www.mistidreams.com\/?page_id=4302"},"modified":"2024-05-11T09:24:18","modified_gmt":"2024-05-11T14:24:18","slug":"sobremistidreams","status":"publish","type":"page","link":"https:\/\/copia.mistidreamseu.com\/en\/sobremistidreams","title":{"rendered":"Sobre Misti Dreams"},"content":{"rendered":"<div class=\"wpb-content-wrapper\"><section class=\"vc_section vc_custom_1710621550821 vc_section-has-fill wd-rs-65f6033e8e8f5\"><div data-vc-full-width=\"true\" data-vc-full-width-temp=\"true\" data-vc-full-width-init=\"false\" data-vc-stretch-content=\"true\" class=\"vc_row wpb_row vc_row-fluid vc_row-no-padding wd-disable-overflow wd-rs-61af5d52bc34b\"><div class=\"wpb_column vc_column_container vc_col-sm-12 wd-rs-60f82d56d6526\"><div class=\"vc_column-inner vc_custom_1626877274491\"><div class=\"wpb_wrapper\">\t\t<div id=\"gallery_792\" class=\"wd-images-gallery wd-wpb wd-rs-65f59e6277086 vc_custom_1710595693590 photoswipe-images wd-carousel-container wd-wpb\" style=\"--wd-justify-content:center;--wd-align-items:center;\">\n\t\t\t\t\t\t\t<div class=\"wd-carousel-inner\">\n\t\t\t\n\t\t\t<div class=\"wd-carousel wd-grid\"data-scroll_per_page=\"yes\" style=\"--wd-col-lg:4;--wd-col-md:4;--wd-col-sm:1;--wd-gap-lg:0px;\">\n\t\t\t\t\t\t\t\t\t<div class=\"wd-carousel-wrap\">\n\t\t\t\t\n\t\t\t\t\t\t\t\t\t\t\t\t\t\t\t<div class=\"wd-gallery-item wd-carousel-item\">\n\t\t\t\t\t\t\t\t\t\t\t\t\t\t<a href=\"https:\/\/copia.mistidreamseu.com\/wp-content\/uploads\/2024\/01\/image01.png\" data-elementor-open-lightbox=\"no\" data-index=\"1\" data-width=\"2000\" data-height=\"1333\" \n\t\t\t\t\t\t\t\t\t\t\t\t >\n\t\t\t\t\t\t\t\t\n\t\t\t\t\t\t\t\t<img loading=\"lazy\" decoding=\"async\" width=\"1200\" height=\"900\" src=\"https:\/\/copia.mistidreamseu.com\/wp-content\/uploads\/2024\/01\/image01-1200x900.png\" class=\"wd-gallery-image image-1\" alt=\"\" \/>\n\t\t\t\t\t\t\t\t\t\t\t\t\t\t\t<\/a>\n\t\t\t\t\t\t\t\t\t\t\t\t<\/div>\n\t\t\t\t\t\t\t\t\t\t\t<div class=\"wd-gallery-item wd-carousel-item\">\n\t\t\t\t\t\t\t\t\t\t\t\t\t\t<a href=\"https:\/\/copia.mistidreamseu.com\/wp-content\/uploads\/2024\/01\/images03.png\" data-elementor-open-lightbox=\"no\" data-index=\"2\" data-width=\"2000\" data-height=\"1333\" \n\t\t\t\t\t\t\t\t\t\t\t\t >\n\t\t\t\t\t\t\t\t\n\t\t\t\t\t\t\t\t<img loading=\"lazy\" decoding=\"async\" width=\"1200\" height=\"900\" src=\"https:\/\/copia.mistidreamseu.com\/wp-content\/uploads\/2024\/01\/images03-1200x900.png\" class=\"wd-gallery-image image-2\" alt=\"\" \/>\n\t\t\t\t\t\t\t\t\t\t\t\t\t\t\t<\/a>\n\t\t\t\t\t\t\t\t\t\t\t\t<\/div>\n\t\t\t\t\t\t\t\t\t\t\t<div class=\"wd-gallery-item wd-carousel-item\">\n\t\t\t\t\t\t\t\t\t\t\t\t\t\t<a href=\"https:\/\/copia.mistidreamseu.com\/wp-content\/uploads\/2024\/01\/imges04.png\" data-elementor-open-lightbox=\"no\" data-index=\"3\" data-width=\"2000\" data-height=\"1333\" \n\t\t\t\t\t\t\t\t\t\t\t\t >\n\t\t\t\t\t\t\t\t\n\t\t\t\t\t\t\t\t<img loading=\"lazy\" decoding=\"async\" width=\"1200\" height=\"900\" src=\"https:\/\/copia.mistidreamseu.com\/wp-content\/uploads\/2024\/01\/imges04-1200x900.png\" class=\"wd-gallery-image image-3\" alt=\"\" \/>\n\t\t\t\t\t\t\t\t\t\t\t\t\t\t\t<\/a>\n\t\t\t\t\t\t\t\t\t\t\t\t<\/div>\n\t\t\t\t\t\t\t\t\t\t\t<div class=\"wd-gallery-item wd-carousel-item\">\n\t\t\t\t\t\t\t\t\t\t\t\t\t\t<a href=\"https:\/\/copia.mistidreamseu.com\/wp-content\/uploads\/2024\/01\/images06.png\" data-elementor-open-lightbox=\"no\" data-index=\"4\" data-width=\"2000\" data-height=\"1333\" \n\t\t\t\t\t\t\t\t\t\t\t\t >\n\t\t\t\t\t\t\t\t\n\t\t\t\t\t\t\t\t<img loading=\"lazy\" decoding=\"async\" width=\"1200\" height=\"900\" src=\"https:\/\/copia.mistidreamseu.com\/wp-content\/uploads\/2024\/01\/images06-1200x900.png\" class=\"wd-gallery-image image-4\" alt=\"\" \/>\n\t\t\t\t\t\t\t\t\t\t\t\t\t\t\t<\/a>\n\t\t\t\t\t\t\t\t\t\t\t\t<\/div>\n\t\t\t\t\t\t\t\t\t\n\t\t\t\t\t\t\t\t\t<\/div>\n\t\t\t\t\t\t\t<\/div>\n\n\t\t\t\t\t\t\t\t\t\t\t\t\t\t<div class=\"wd-nav-arrows wd-pos-sep wd-hover-1 wd-icon-1\">\n\t\t\t<div class=\"wd-btn-arrow wd-prev wd-disabled\">\n\t\t\t\t<div class=\"wd-arrow-inner\"><\/div>\n\t\t\t<\/div>\n\t\t\t<div class=\"wd-btn-arrow wd-next\">\n\t\t\t\t<div class=\"wd-arrow-inner\"><\/div>\n\t\t\t<\/div>\n\t\t<\/div>\n\t\t\t\t\t\t\n\t\t\t\t<\/div>\n\n\t\t\t\t\t\t\t\t\t\t\t\t\t<\/div>\n\t\t<div id=\"lvca-spacer-69d28d8e350c1\" class=\"lvca-spacer\" data-settings='{&quot;desktop_spacing&quot;:&quot;200&quot;,&quot;tablet_spacing&quot;:&quot;30&quot;,&quot;tablet_width&quot;:&quot;960&quot;,&quot;mobile_spacing&quot;:&quot;10&quot;,&quot;mobile_width&quot;:&quot;480&quot;}'><\/div><div id=\"lvca-spacer-69d28d8e350e1\" class=\"lvca-spacer\" data-settings='{&quot;desktop_spacing&quot;:&quot;200&quot;,&quot;tablet_spacing&quot;:&quot;30&quot;,&quot;tablet_width&quot;:&quot;960&quot;,&quot;mobile_spacing&quot;:&quot;10&quot;,&quot;mobile_width&quot;:&quot;480&quot;}'><\/div><\/div><\/div><\/div><\/div><div class=\"vc_row-full-width vc_clearfix\"><\/div><div class=\"vc_row wpb_row vc_row-fluid\"><div class=\"wpb_column vc_column_container vc_col-sm-12\"><div class=\"vc_column-inner\"><div class=\"wpb_wrapper\">\n\t<div class=\"wpb_text_column wpb_content_element vc_custom_1710595869190 color-scheme-dark\" >\n\t\t<div class=\"wpb_wrapper\">\n\t\t\t<h3>Nosotros buscamos el equilibrio dentro de un mundo amenazado por el consumismo excesivo y la cultura del tener y caminar hacia una sociedad m\u00e1s justa apoyando los derechos humanos, el desarrollo sostenible y el cuidado del medio ambiente.<\/h3>\n<h3>Nosotros buscamos el cambio en la sociedad cambiando primero nosotros a trav\u00e9s de la educaci\u00f3n continua y el crecimiento espiritual que nos permita ir en la direcci\u00f3n correcta en la vida y permitir que otras personas puedan ser tambi\u00e9n parte del cambio.<\/h3>\n<h3>Misti Dreams tiene grandes ambiciones a futuro buscando apoyar a grupos de personas menos favorecidos, promoviendo su incersi\u00f3n en la sociedad y contribuyendo a que tengan una vida m\u00e1s digna, facilit\u00e1ndoles maneras de generarse un ingreso para sostener a sus familias.<\/h3>\n<h3>Se busca dar trabajo a peruanos, fomentar el crecimiento de la sociedad y promover la comericalizaci\u00f3n de productos que colaboren con la sostenibilidad de la sociedad y el medio ambiente. permiti\u00e9ndoles un estilo de vida mas humano.<\/h3>\n<h3>Misti Dreams puso mucho amor, pasi\u00f3n y fe en el futuro para hacer realidad estos sue\u00f1os a trav\u00e9s de una tienda digital moderna que permita la compra de productos para el hogar y uso personal a trav\u00e9s de internet.<\/h3>\n<h3>Nuestra empresa se caracteriza por brindar servicios de calidad a trav\u00e9s de buenos profesionales que permitan una buena atenci\u00f3n al cliente y una compra asegurada.<\/h3>\n<h3>Nosotros buscamos abastecer al mercado peruano con productos seg\u00fan sus necesidades y al mismo tiempo contribuir al desarrollo de proveedores y comerciantes peruanos.<\/h3>\n\n\t\t<\/div>\n\t<\/div>\n<div id=\"lvca-spacer-69d28d8e3561f\" class=\"lvca-spacer\" data-settings='{&quot;desktop_spacing&quot;:&quot;50&quot;,&quot;tablet_spacing&quot;:&quot;30&quot;,&quot;tablet_width&quot;:&quot;960&quot;,&quot;mobile_spacing&quot;:&quot;10&quot;,&quot;mobile_width&quot;:&quot;480&quot;}'><\/div><\/div><\/div><\/div><\/div><\/section><div class=\"vc_row wpb_row vc_row-fluid\"><div class=\"wpb_column vc_column_container vc_col-sm-12\"><div class=\"vc_column-inner\"><div class=\"wpb_wrapper\"><div id=\"lvca-spacer-69d28d8e35880\" class=\"lvca-spacer\" data-settings='{&quot;desktop_spacing&quot;:&quot;200&quot;,&quot;tablet_spacing&quot;:&quot;30&quot;,&quot;tablet_width&quot;:&quot;960&quot;,&quot;mobile_spacing&quot;:&quot;10&quot;,&quot;mobile_width&quot;:&quot;480&quot;}'><\/div><\/div><\/div><\/div><\/div><div class=\"vc_row wpb_row vc_row-fluid\"><div class=\"wpb_column vc_column_container vc_col-sm-1\/5\"><div class=\"vc_column-inner\"><div class=\"wpb_wrapper\"><\/div><\/div><\/div><div class=\"wpb_column vc_column_container vc_col-sm-1\/5\"><div class=\"vc_column-inner\"><div class=\"wpb_wrapper\"><\/div><\/div><\/div><div class=\"wpb_column vc_column_container vc_col-sm-1\/5\"><div class=\"vc_column-inner\"><div class=\"wpb_wrapper\">\n\t<div  class=\"wpb_single_image wpb_content_element vc_align_center wpb_animate_when_almost_visible wpb_bounceInRight bounceInRight wd-animation wd-transform wd-animation-right-flip-y wd-animation-slow\">\n\t\t\n\t\t<figure class=\"wpb_wrapper vc_figure\">\n\t\t\t<div class=\"vc_single_image-wrapper   vc_box_border_grey\"><img decoding=\"async\" class=\"vc_single_image-img\" src=\"https:\/\/copia.mistidreamseu.com\/wp-content\/uploads\/2024\/03\/paloma-100x100.png\" width=\"100\" height=\"100\" alt=\"paloma\" title=\"paloma\" loading=\"lazy\" \/><\/div>\n\t\t<\/figure>\n\t<\/div>\n<\/div><\/div><\/div><div class=\"wpb_column vc_column_container vc_col-sm-1\/5\"><div class=\"vc_column-inner\"><div class=\"wpb_wrapper\"><\/div><\/div><\/div><div class=\"wpb_column vc_column_container vc_col-sm-1\/5\"><div class=\"vc_column-inner\"><div class=\"wpb_wrapper\"><\/div><\/div><\/div><div class=\"wpb_column vc_column_container vc_col-sm-1\/5\"><div class=\"vc_column-inner\"><div class=\"wpb_wrapper\"><\/div><\/div><\/div><\/div>\n<\/div>","protected":false},"excerpt":{"rendered":"Nosotros buscamos el equilibrio dentro de un mundo amenazado por el consumismo excesivo y la cultura del tener y caminar","protected":false},"author":1,"featured_media":0,"parent":0,"menu_order":0,"comment_status":"closed","ping_status":"closed","template":"","meta":{"footnotes":""},"class_list":["post-4302","page","type-page","status-publish","hentry"],"_links":{"self":[{"href":"https:\/\/copia.mistidreamseu.com\/en\/wp-json\/wp\/v2\/pages\/4302","targetHints":{"allow":["GET"]}}],"collection":[{"href":"https:\/\/copia.mistidreamseu.com\/en\/wp-json\/wp\/v2\/pages"}],"about":[{"href":"https:\/\/copia.mistidreamseu.com\/en\/wp-json\/wp\/v2\/types\/page"}],"author":[{"embeddable":true,"href":"https:\/\/copia.mistidreamseu.com\/en\/wp-json\/wp\/v2\/users\/1"}],"replies":[{"embeddable":true,"href":"https:\/\/copia.mistidreamseu.com\/en\/wp-json\/wp\/v2\/comments?post=4302"}],"version-history":[{"count":1,"href":"https:\/\/copia.mistidreamseu.com\/en\/wp-json\/wp\/v2\/pages\/4302\/revisions"}],"predecessor-version":[{"id":5130,"href":"https:\/\/copia.mistidreamseu.com\/en\/wp-json\/wp\/v2\/pages\/4302\/revisions\/5130"}],"wp:attachment":[{"href":"https:\/\/copia.mistidreamseu.com\/en\/wp-json\/wp\/v2\/media?parent=4302"}],"curies":[{"name":"wp","href":"https:\/\/api.w.org\/{rel}","templated":true}]}}