{"id":348,"date":"2024-04-13T13:45:55","date_gmt":"2024-04-13T13:45:55","guid":{"rendered":"https:\/\/nuevo.mistidreams.com\/?post_type=product&#038;p=348"},"modified":"2024-05-10T22:12:23","modified_gmt":"2024-05-10T22:12:23","slug":"edredon-acolchado-king-1200-hilos-con-franjas-morado-lila-rosado-y-marron","status":"publish","type":"product","link":"https:\/\/copia.mistidreamseu.com\/en\/product\/edredon-acolchado-king-1200-hilos-con-franjas-morado-lila-rosado-y-marron","title":{"rendered":"Edred\u00f3n acolchado King 1200 hilos con franjas morado, lila, rosado y marr\u00f3n"},"content":{"rendered":"<h1>Edred\u00f3n acolchado King 1200 hilos con franjas morado, lila, rosado y marr\u00f3n<\/h1>\n<h2>100% algod\u00f3n<br \/>\n1200 Hilos<\/h2>\n<h2><strong>5 Piezas(King):<\/strong><\/h2>\n<h3>1 Pieza de edred\u00f3n: 250x270cm<br \/>\n1 Pieza de sabana:270x280cm<br \/>\n1 Pieza de cubrecolch\u00f3n:200&#215;208+32cm<br \/>\n2 Piezas de fundas:50x80cm<\/h3>\n<p>&nbsp;<\/p>","protected":false},"excerpt":{"rendered":"<p>Edred\u00f3n acolchado King 1200 hilos con franjas morado, lila, rosado y marr\u00f3n 100% algod\u00f3n 1200 Hilos 5 Piezas(King): 1 Pieza<\/p>","protected":false},"featured_media":360,"template":"","meta":[],"product_brand":[],"product_cat":[21],"product_tag":[],"class_list":{"0":"post-348","1":"product","2":"type-product","3":"status-publish","4":"has-post-thumbnail","6":"product_cat-edredones","8":"first","9":"instock","10":"sale","11":"taxable","12":"shipping-taxable","13":"purchasable","14":"product-type-variable","15":"has-default-attributes"},"_links":{"self":[{"href":"https:\/\/copia.mistidreamseu.com\/en\/wp-json\/wp\/v2\/product\/348","targetHints":{"allow":["GET"]}}],"collection":[{"href":"https:\/\/copia.mistidreamseu.com\/en\/wp-json\/wp\/v2\/product"}],"about":[{"href":"https:\/\/copia.mistidreamseu.com\/en\/wp-json\/wp\/v2\/types\/product"}],"wp:featuredmedia":[{"embeddable":true,"href":"https:\/\/copia.mistidreamseu.com\/en\/wp-json\/wp\/v2\/media\/360"}],"wp:attachment":[{"href":"https:\/\/copia.mistidreamseu.com\/en\/wp-json\/wp\/v2\/media?parent=348"}],"wp:term":[{"taxonomy":"product_brand","embeddable":true,"href":"https:\/\/copia.mistidreamseu.com\/en\/wp-json\/wp\/v2\/product_brand?post=348"},{"taxonomy":"product_cat","embeddable":true,"href":"https:\/\/copia.mistidreamseu.com\/en\/wp-json\/wp\/v2\/product_cat?post=348"},{"taxonomy":"product_tag","embeddable":true,"href":"https:\/\/copia.mistidreamseu.com\/en\/wp-json\/wp\/v2\/product_tag?post=348"}],"curies":[{"name":"wp","href":"https:\/\/api.w.org\/{rel}","templated":true}]}}