{"id":369,"date":"2024-04-13T13:46:05","date_gmt":"2024-04-13T13:46:05","guid":{"rendered":"https:\/\/nuevo.mistidreams.com\/?post_type=product&#038;p=369"},"modified":"2024-05-24T09:36:50","modified_gmt":"2024-05-24T14:36:50","slug":"patineta-electrica-para-adultos-350-watts-max-25-km-h-y-8-5","status":"publish","type":"product","link":"https:\/\/copia.mistidreamseu.com\/en\/product\/patineta-electrica-para-adultos-350-watts-max-25-km-h-y-8-5","title":{"rendered":"Patineta electrica para Adultos  350 Watts, max 25 km\/h y 8.5&#8221;"},"content":{"rendered":"<div class=\"wpb-content-wrapper\"><div class=\"vc_row wpb_row vc_row-fluid\"><div class=\"wpb_column vc_column_container vc_col-sm-12\"><div class=\"vc_column-inner\"><div class=\"wpb_wrapper\">\n\t\t<div id=\"wd-65e36f844ba53\" class=\"wd-tabs wd-wpb wd-animation wd-transform wd-animation-slide-short-from-left wd-animation-slow wd-rs-65e36f844ba53 wd-enabled-width tabs-design-simple  wd-header-with-bg\">\n\t\t\t<div class=\"wd-tabs-header\">\n\t\t\t\t\n\t\t\t\t\n\t\t\t\t<div class=\"wd-nav-wrapper wd-nav-tabs-wrapper color-scheme-light\">\n\t\t\t\t\t<ul class=\"wd-nav wd-nav-tabs wd-icon-pos-top wd-style-underline font-primary wd-fontsize-xl wd-font-weight-600\">\n\t\t\t\t\t\t\t\t\t\t\t\t\t\n\t\t\t\t\t\t\t<li>\n\t\t\t\t\t\t\t\t<a href=\"#\" class=\"wd-nav-link\">\n\t\t\t\t\t\t\t\t\t\t\t\t\t\t\t\t\t\t<span class=\"nav-link-text wd-tabs-title\">\n\t\t\t\t\t\t\t\t\t\tCaracter\u00edsticas destacadas\t\t\t\t\t\t\t\t\t<\/span>\n\t\t\t\t\t\t\t\t<\/a>\n\t\t\t\t\t\t\t<\/li>\n\n\t\t\t\t\t\t\t\t\t\t\t\t\t\n\t\t\t\t\t\t\t<li>\n\t\t\t\t\t\t\t\t<a href=\"#\" class=\"wd-nav-link\">\n\t\t\t\t\t\t\t\t\t\t\t\t\t\t\t\t\t\t<span class=\"nav-link-text wd-tabs-title\">\n\t\t\t\t\t\t\t\t\t\tEspecificaciones\t\t\t\t\t\t\t\t\t<\/span>\n\t\t\t\t\t\t\t\t<\/a>\n\t\t\t\t\t\t\t<\/li>\n\n\t\t\t\t\t\t\n\t\t\t\t\t<\/ul>\n\t\t\t\t<\/div>\n\t\t\t<\/div>\n\n\t\t\t<div class=\"wd-tabs-content-wrapper color-scheme-light\">\n\t\t\t\t\n\t\t<div class=\"wd-tab-content\">\n\t\t\t\t\t\t\t<div class=\"wd-entry-content\">\n\t\t\t\t\t<\/p>\n<h3 style=\"text-align: left;\">Motor de 350W para una aceleraci\u00f3n suave.<\/h3>\n<h3 style=\"text-align: left;\">Alcance de hasta 30KM con una sola carga.<\/h3>\n<h3 style=\"text-align: left;\">Dise\u00f1o plegable para f\u00e1cil almacenamiento y transporte.<\/h3>\n<h3 style=\"text-align: left;\">Construcci\u00f3n s\u00f3lida y duradera.<\/h3>\n<h3 style=\"text-align: left;\">Frenos y luces incorporados para una conducci\u00f3n segura.<\/h3>\n<h3 style=\"text-align: left;\">Neum\u00e1ticos de alta calidad para una conducci\u00f3n suave en diferentes superficies.<\/h3>\n<p>\t\t\t\t<\/div>\n\t\t\t\t\t<\/div>\n\n\t\t\n\t\t<div class=\"wd-tab-content\">\n\t\t\t\t\t\t\t<div class=\"wd-entry-content\">\n\t\t\t\t\t<\/p>\n<h3 style=\"text-align: left;\">TAMA\u00d1O DEL NEUM\u00c1TICO: 8,5 PULGADAS<\/h3>\n<h3 style=\"text-align: left;\">BATER\u00cdA DE LITIO: 36V7.5AH Bateria de Litio<\/h3>\n<h3 style=\"text-align: left;\">POTENCIA DEL MOTOR: 350W<\/h3>\n<h3 style=\"text-align: left;\">VELOCIDAD M\u00c1XIMA: 25KM\/H<\/h3>\n<h3 style=\"text-align: left;\">CAPACIDAD DE CARGA M\u00c1XIMA: 120 KG<\/h3>\n<h3 style=\"text-align: left;\">PESO NETO: 12 KG<\/h3>\n<h3 style=\"text-align: left;\">DISTANCIA M\u00c1XIMA: 30KM<\/h3>\n<h3 style=\"text-align: left;\">TAMA\u00d1O DEL PRODUCTO: 1140 X 430 X 1150 MM (DESPLEGAR)<\/h3>\n<h3 style=\"text-align: left;\">Material: Aluminio<\/h3>\n<h3 style=\"text-align: left;\">Tiempo de carga: 4 \/ 5 Hs<\/h3>\n<h3 style=\"text-align: left;\">A prueba de Agua: S\u00ed IP54<\/h3>\n<h3 style=\"text-align: left;\">Display Digital<\/h3>\n<h3 style=\"text-align: left;\">Tama\u00f1o de Neum\u00e1ticos: 8.5 \u201d<\/h3>\n<h3 style=\"text-align: left;\">Luz LED frontal de alto brillo<\/h3>\n<h3 style=\"text-align: left;\">Luz LED trasera de alto brillo<\/h3>\n<h3 style=\"text-align: left;\"><b>Incluye:<\/b><\/h3>\n<h3 style=\"text-align: left;\">Scooter El\u00e9ctrico Plegable<br \/>\nCargador.<\/h3>\n<p>\t\t\t\t<\/div>\n\t\t\t\t\t<\/div>\n\n\t\t\t\t\t<\/div>\n\t\t<\/div>\n\n\t\t<\/div><\/div><\/div><\/div>\n<\/div>","protected":false},"excerpt":{"rendered":"<h1>Descripci\u00f3n<\/h1>\n<h3>El scooter el\u00e9ctrico plegable para adultos de 350 Watts permite transitar la ciudad de manera f\u00e1cil, divertida , econ\u00f3mica y c\u00f3moda, al mismo tiempo que permite subir cuestas sin mayor esfuerzo.<\/h3>\n<h3>Permite el desplazamiento urbano, ya sea para ir al trabajo, al colegio o talvez simplemente pasear por la ciudad. Su dise\u00f1o plegable permite transportarlo f\u00e1cilmente en el auto o almacenarlo en espacios reducidos.<\/h3>\n<h3>Es una alternativa de transporte eficiente, rentable y ecol\u00f3gica que permite un mejor cuidado del medio ambiente. Tiene neum\u00e1ticos de 8 pulgadas que facilitan un viaje f\u00e1cil y seguro en aceras y pistas.<\/h3>\n<h3>El montaje es super sencillo y toma solo 3 segundos a una persona sin experiencia mec\u00e1nica.<\/h3>\n<h3>Tiene una pantalla LCD que facilita la lectura de velocidad y modo \/ marcha al igual que un app para controlar el seguro, las luces y la velocidad.<\/h3>\n<h3>El scooter es duradero. Su velocidad m\u00e1xima es de 25 KM\/H y tiene un largo alcance de hasta 30 KMS.<\/h3>\n<h3>Su dise\u00f1o en color negro es muy atractivo a la vista. Es una pieza resistente con frenos de disco y llantas de 8.5&#8243;.\u00a0Tiene una bater\u00eda recargable en 4 horas.<\/h3>\n<h3>An\u00edmate a adquirir hoy mismo en tu tienda virtual Misti Dreams!<\/h3>\n<p>&nbsp;<\/p>","protected":false},"featured_media":378,"template":"","meta":[],"product_brand":[],"product_cat":[26,27],"product_tag":[],"class_list":{"0":"post-369","1":"product","2":"type-product","3":"status-publish","4":"has-post-thumbnail","6":"product_cat-outdoors","7":"product_cat-patineta-electrica","9":"first","10":"instock","11":"sale","12":"taxable","13":"shipping-taxable","14":"purchasable","15":"product-type-simple"},"_links":{"self":[{"href":"https:\/\/copia.mistidreamseu.com\/en\/wp-json\/wp\/v2\/product\/369","targetHints":{"allow":["GET"]}}],"collection":[{"href":"https:\/\/copia.mistidreamseu.com\/en\/wp-json\/wp\/v2\/product"}],"about":[{"href":"https:\/\/copia.mistidreamseu.com\/en\/wp-json\/wp\/v2\/types\/product"}],"wp:featuredmedia":[{"embeddable":true,"href":"https:\/\/copia.mistidreamseu.com\/en\/wp-json\/wp\/v2\/media\/378"}],"wp:attachment":[{"href":"https:\/\/copia.mistidreamseu.com\/en\/wp-json\/wp\/v2\/media?parent=369"}],"wp:term":[{"taxonomy":"product_brand","embeddable":true,"href":"https:\/\/copia.mistidreamseu.com\/en\/wp-json\/wp\/v2\/product_brand?post=369"},{"taxonomy":"product_cat","embeddable":true,"href":"https:\/\/copia.mistidreamseu.com\/en\/wp-json\/wp\/v2\/product_cat?post=369"},{"taxonomy":"product_tag","embeddable":true,"href":"https:\/\/copia.mistidreamseu.com\/en\/wp-json\/wp\/v2\/product_tag?post=369"}],"curies":[{"name":"wp","href":"https:\/\/api.w.org\/{rel}","templated":true}]}}